{"id":17412,"date":"2017-02-01T08:59:08","date_gmt":"2017-02-01T07:59:08","guid":{"rendered":"https:\/\/dxsa.es\/productos\/"},"modified":"2025-01-29T10:26:20","modified_gmt":"2025-01-29T09:26:20","slug":"produtos","status":"publish","type":"page","link":"https:\/\/dxsa.es\/pt\/productos\/","title":{"rendered":"PRODUTOS"},"content":{"rendered":"<h3 style=\"text-align: center;\">DXSA \/ Produtos<\/h3>\n<p style=\"text-align: center;\">Cat\u00e1logo completo de todos os nossos produtos produtos<\/p>\n<h2>01 LINHA DE HOTELARIA E RESTAURA\u00c7\u00c3O<\/h2>\n<hr \/>\n<p align=\"justify\">Cat\u00e1logo de restaura\u00e7\u00e3o geral, produtos desenvolvidos para hot\u00e9is, restaurantes, cantinas de empresas e escolas, cantinas p\u00fablicas...<\/p>\n<h4><span style=\"color: #339966;\"><a style=\"color: #339966;\" href=\"http:\/\/dxsa.es\/pt\/produtos\/hospedaria\/\">Ver produtos...<\/a><\/span><\/h4>\n<h2>02 TRATAMENTO DO SOLO<\/h2>\n<hr \/>\n<p align=\"justify\">Produtos para pavimentos em geral, nesta gama pode encontrar os seguintes produtos: decapantes para pavimentos, cristalizadores e vitrificadores, polidores, recuperadores de pavimentos, antiderrapantes, detergentes para m\u00e1quinas...<\/p>\n<h4><a href=\"http:\/\/dxsa.es\/pt\/produtos\/pavimentos\/\"><span style=\"color: #339966;\">Ver produtos...<\/span><\/a><\/h4>\n<h2>03 SISTEMAS DE AROMATIZA\u00c7\u00c3O<\/h2>\n<hr \/>\n<p align=\"justify\">Ampla gama de ambientadores desenvolvidos para: empresas, espa\u00e7os p\u00fablicos, lojas, grandes superf\u00edcies, autom\u00f3vel, resid\u00eancias...<\/p>\n<h4><a href=\"http:\/\/dxsa.es\/pt\/produtos\/ambientadores-2\/\"><span style=\"color: #339966;\">Ver produtos...<\/span><\/a><\/h4>\n<h2>04 PRODUTOS DE LIMPEZA E DESENGORDURANTES<\/h2>\n<hr \/>\n<p align=\"justify\">Gama de produtos desengordurantes de alto rendimento. Solu\u00e7\u00f5es para todos os tipos de gorduras e \u00f3leos, dispomos de produtos espec\u00edficos para cada necessidade.<\/p>\n<h4><a href=\"http:\/\/dxsa.es\/pt\/produtos\/desengrasantes\/\"><span style=\"color: #339966;\">Ver produtos...<\/span><\/a><\/h4>\n<h2>05 PRODUTOS DE HIGIENE PESSOAL<\/h2>\n<hr \/>\n<p align=\"justify\">Linha de produtos para a higiene pessoal, orientada para a utiliza\u00e7\u00e3o industrial: sab\u00f5es especiais para oficinas mec\u00e2nicas, produtos de limpeza de tintas...<\/p>\n<h4><a href=\"http:\/\/dxsa.es\/pt\/produtos\/higiene-personal-2\/\"><span style=\"color: #339966;\">Ver produtos...<\/span><\/a><\/h4>\n<h2>06 DETERGENTES PARA A ROUPA<\/h2>\n<hr \/>\n<p align=\"justify\">Detergentes e produtos para lavandarias industriais que prestam servi\u00e7os a: hot\u00e9is, restaurantes, hospitais, resid\u00eancias, escolas, centros de lavandaria...<\/p>\n<h4><a href=\"http:\/\/dxsa.es\/pt\/lavandaria\/\"><span style=\"color: #339966;\">Ver produtos...<\/span><\/a><\/h4>\n<h2>07 CONCENTRADOS ORG\u00c2NICOS<\/h2>\n<hr \/>\n<p align=\"justify\">Fabricamos concentrados ecol\u00f3gicos para a ind\u00fastria, reduzindo o volume do produto para o dosear em menores quantidades com \u00f3ptimos resultados.<\/p>\n<h4><a href=\"http:\/\/dxsa.es\/pt\/produtos\/concentrados\/\"><span style=\"color: #339966;\">Ver produtos...<\/span><\/a><\/h4>\n<h2>08 MANUTEN\u00c7\u00c3O INDUSTRIAL<\/h2>\n<hr \/>\n<p align=\"justify\">Produtos espec\u00edficos para a ind\u00fastria em geral, incluindo: absorventes, lubrificantes, agentes desmoldantes, tratamentos de pavimentos, produtos de limpeza diel\u00e9ctricos ...<\/p>\n<h4><a href=\"http:\/\/dxsa.es\/pt\/mantenimiento\/\"><span style=\"color: #339966;\">Ver produtos...<\/span><\/a><\/h4>\n<h2>09 INSECTICIDAS E REPELENTES<\/h2>\n<hr \/>\n<p align=\"justify\">Fabricamos todos os tipos de insecticidas, bem como produtos repelentes para animais sem danos internos ocasionais: aves, c\u00e3es, gatos...<\/p>\n<h4><a href=\"http:\/\/dxsa.es\/pt\/produtos\/insecticidas-2\/\"><span style=\"color: #339966;\">Ver produtos...<\/span><\/a><\/h4>\n<h2>10 PRODUTOS DESINFECTANTES<\/h2>\n<hr \/>\n<p align=\"justify\">A nossa gama de desinfectantes \u00e9 composta por uma vasta gama de produtos para uma desinfe\u00e7\u00e3o eficaz e duradoura, muito utilizada na ind\u00fastria alimentar, nos hospitais... Produtos certificados.<\/p>\n<h4><span style=\"color: #339966;\"><a href=\"http:\/\/dxsa.es\/pt\/produtos\/desinfectantes\/\">Ver produtos.<\/a>..<\/span><\/h4>\n<h2>11 PRODUTOS BIOL\u00d3GICOS<\/h2>\n<hr \/>\n<p align=\"justify\">A nossa gama de desinfectantes \u00e9 composta por uma vasta gama de produtos para uma desinfe\u00e7\u00e3o eficaz e duradoura, muito utilizada na ind\u00fastria alimentar, nos hospitais... Produtos certificados.<\/p>\n<h4><a href=\"http:\/\/dxsa.es\/pt\/produtos\/biologicos-2\/\"><span style=\"color: #339966;\">Ver produtos...<\/span><\/a><\/h4>\n<h2>12 AGRICULTURA E PECU\u00c1RIA<\/h2>\n<hr \/>\n<p align=\"justify\">A nossa gama de desinfectantes \u00e9 composta por uma vasta gama de produtos para uma desinfe\u00e7\u00e3o eficaz e duradoura, muito utilizada na ind\u00fastria alimentar, nos hospitais... Produtos certificados.<\/p>\n<h4><a href=\"http:\/\/dxsa.es\/pt\/produtos\/agricola\/\"><span style=\"color: #339966;\">Ver produtos...<\/span><\/a><\/h4>\n<h2>13 LIMPEZA URBANA<\/h2>\n<hr \/>\n<p align=\"justify\">A nossa gama de desinfectantes \u00e9 composta por uma vasta gama de produtos para uma desinfe\u00e7\u00e3o eficaz e duradoura, muito utilizada na ind\u00fastria alimentar, nos hospitais... Produtos certificados.<\/p>\n<h4><a href=\"http:\/\/dxsa.es\/pt\/produtos\/limpieza-urbana-2\/\"><span style=\"color: #339966;\">Ver produtos...<\/span><\/a><\/h4>\n<h2>14 INSTALA\u00c7\u00d5ES<\/h2>\n<hr \/>\n<p align=\"justify\">A nossa gama de desinfectantes \u00e9 composta por uma vasta gama de produtos para uma desinfe\u00e7\u00e3o eficaz e duradoura, muito utilizada na ind\u00fastria alimentar, nos hospitais... Produtos certificados.<\/p>\n<h4><a href=\"http:\/\/dxsa.es\/pt\/produtos\/equipamientos-2\/\"><span style=\"color: #339966;\">Ver produtos...<\/span><\/a><\/h4>\n<h2>15 UTILIDADES<\/h2>\n<hr \/>\n<p align=\"justify\">A nossa gama de desinfectantes \u00e9 composta por uma vasta gama de produtos para uma desinfe\u00e7\u00e3o eficaz e duradoura, muito utilizada na ind\u00fastria alimentar, nos hospitais... Produtos certificados.<\/p>\n<h4><span style=\"color: #339966;\">Ver produtos...<\/span><\/h4>\n<h2>16 NANO TECNOLOGIA<\/h2>\n<hr \/>\n<p align=\"justify\">A nossa gama de desinfectantes \u00e9 composta por uma vasta gama de produtos para uma desinfe\u00e7\u00e3o eficaz e duradoura, muito utilizada na ind\u00fastria alimentar, nos hospitais... Produtos certificados.<\/p>\n<h4><span style=\"color: #339966;\">Ver produtos...<\/span><\/h4>","protected":false},"excerpt":{"rendered":"<p>DXSA \/\u00a0Productos Catalogo completo de todos nuestros productos productos 01 L\u00cdNEA DE HOSTELER\u00cdA Catalogo general de hosteler\u00eda, productos desarrollados para hoteles, restaurantes, comedores de empresas y colegios, comedores p\u00fablicos&#8230; Ver productos&#8230; 02\u00a0TRATAMIENTO DE SUELOS Productos para pavimentos en general, en esta gama podr\u00e1 encontrar\u00a0los siguientes productos: decapantes de suelos, cristalizadores y vitrificadores, abrillantadores, recuperaci\u00f3n de [&hellip;]<\/p>\n","protected":false},"author":1,"featured_media":4228,"parent":0,"menu_order":0,"comment_status":"open","ping_status":"open","template":"","meta":{"_acf_changed":false,"_joinchat":[],"footnotes":""},"class_list":["post-17412","page","type-page","status-publish","has-post-thumbnail","hentry"],"acf":[],"_links":{"self":[{"href":"https:\/\/dxsa.es\/pt\/wp-json\/wp\/v2\/pages\/17412","targetHints":{"allow":["GET"]}}],"collection":[{"href":"https:\/\/dxsa.es\/pt\/wp-json\/wp\/v2\/pages"}],"about":[{"href":"https:\/\/dxsa.es\/pt\/wp-json\/wp\/v2\/types\/page"}],"author":[{"embeddable":true,"href":"https:\/\/dxsa.es\/pt\/wp-json\/wp\/v2\/users\/1"}],"replies":[{"embeddable":true,"href":"https:\/\/dxsa.es\/pt\/wp-json\/wp\/v2\/comments?post=17412"}],"version-history":[{"count":0,"href":"https:\/\/dxsa.es\/pt\/wp-json\/wp\/v2\/pages\/17412\/revisions"}],"wp:featuredmedia":[{"embeddable":true,"href":"https:\/\/dxsa.es\/pt\/wp-json\/wp\/v2\/media\/4228"}],"wp:attachment":[{"href":"https:\/\/dxsa.es\/pt\/wp-json\/wp\/v2\/media?parent=17412"}],"curies":[{"name":"wp","href":"https:\/\/api.w.org\/{rel}","templated":true}]}}