{"id":17412,"date":"2017-02-01T08:59:08","date_gmt":"2017-02-01T07:59:08","guid":{"rendered":"https:\/\/dxsa.es\/productos\/"},"modified":"2025-01-29T10:26:20","modified_gmt":"2025-01-29T09:26:20","slug":"productos","status":"publish","type":"page","link":"https:\/\/dxsa.es\/it\/productos\/","title":{"rendered":"PRODUCTOS"},"content":{"rendered":"<h3 style=\"text-align: center;\">DXSA \/\u00a0Productos<\/h3>\n<p style=\"text-align: center;\">Catalogo completo de todos nuestros productos productos<\/p>\n<h2>01 L\u00cdNEA DE HOSTELER\u00cdA<\/h2>\n<hr \/>\n<p align=\"justify\">Catalogo general de hosteler\u00eda, productos desarrollados para hoteles, restaurantes, comedores de empresas y colegios, comedores p\u00fablicos&#8230;<\/p>\n<h4><span style=\"color: #339966;\"><a style=\"color: #339966;\" href=\"http:\/\/dxsa.es\/it\/productos\/osteria\/\">Ver productos&#8230;<\/a><\/span><\/h4>\n<h2>02\u00a0TRATAMIENTO DE SUELOS<\/h2>\n<hr \/>\n<p align=\"justify\">Productos para pavimentos en general, en esta gama podr\u00e1 encontrar\u00a0los siguientes productos: decapantes de suelos, cristalizadores y vitrificadores, abrillantadores, recuperaci\u00f3n de suelos, antideslizantes, detergentes para m\u00e1quinas&#8230;<\/p>\n<h4><a href=\"http:\/\/dxsa.es\/it\/productos\/marciapiedi\/\"><span style=\"color: #339966;\">Ver productos&#8230;<\/span><\/a><\/h4>\n<h2>03 SISTEMAS DE AROMATIZACI\u00d3N<\/h2>\n<hr \/>\n<p align=\"justify\">Amplia gama de ambientadores desarrollados para: empresas, espacios p\u00fablicos, comercios, grandes superficies, automoci\u00f3n, residencias&#8230;<\/p>\n<h4><a href=\"http:\/\/dxsa.es\/it\/productos\/ambientadores-2\/\"><span style=\"color: #339966;\">Ver productos&#8230;<\/span><\/a><\/h4>\n<h2>04\u00a0LIMPIADORES Y DESENGRASANTES<\/h2>\n<hr \/>\n<p align=\"justify\">Gama de productos desengrasantes de alta eficiencia.\u00a0Soluciones para todo\u00a0de grasas y aceites, disponemos de productos espec\u00edficos para cada necesidad.<\/p>\n<h4><a href=\"http:\/\/dxsa.es\/it\/productos\/desengrasantes\/\"><span style=\"color: #339966;\">Ver productos&#8230;<\/span><\/a><\/h4>\n<h2>05 PRODUCTOS PARA HIGIENE PERSONAL<\/h2>\n<hr \/>\n<p align=\"justify\">L\u00ednea de productos para la higiene personal, orientados para el uso industrial: jabones especiales para talleres mec\u00e1nicos, limpiadores de\u00a0pinturas&#8230;<\/p>\n<h4><a href=\"http:\/\/dxsa.es\/it\/productos\/higiene-personal-2\/\"><span style=\"color: #339966;\">Ver productos&#8230;<\/span><\/a><\/h4>\n<h2>06 DETERGENTES PARA LAVANDER\u00cdA<\/h2>\n<hr \/>\n<p align=\"justify\">Detergentes y productos para lavander\u00edas industriales las cuales ofrecen servicios a: hoteles, restaurantes, hospitales, residencias, colegios, centros de lavander\u00edas&#8230;<\/p>\n<h4><a href=\"http:\/\/dxsa.es\/it\/lavanderia\/\"><span style=\"color: #339966;\">Ver productos&#8230;<\/span><\/a><\/h4>\n<h2>07\u00a0CONCENTRADOS ECOL\u00d3GICOS<\/h2>\n<hr \/>\n<p align=\"justify\">Fabricamos concentrados ecol\u00f3gicos para la industria disminuyendo el volumen de producto para dosificarlo en menor cantidad con \u00f3ptimos resultados.<\/p>\n<h4><a href=\"http:\/\/dxsa.es\/it\/productos\/concentrados\/\"><span style=\"color: #339966;\">Ver productos&#8230;<\/span><\/a><\/h4>\n<h2>08 MANTENIMIENTO INDUSTRIAL<\/h2>\n<hr \/>\n<p align=\"justify\">Productos espec\u00edficos para la industria en general, don de incluyen: absorbentes, lubricantes, desmoldeantes, tratamientos para pavimentos, limpiadores dielectricos &#8230;<\/p>\n<h4><a href=\"http:\/\/dxsa.es\/it\/manutenzione\/\"><span style=\"color: #339966;\">Ver productos&#8230;<\/span><\/a><\/h4>\n<h2>09\u00a0INSECTICIDAS Y REPELENTES<\/h2>\n<hr \/>\n<p align=\"justify\">Fabricamos todo tipo de insecticidas, as\u00ed como productos repelentes para animales sin ocasionales da\u00f1os internos: aves, perros, gatos &#8230;<\/p>\n<h4><a href=\"http:\/\/dxsa.es\/it\/productos\/insecticidas-2\/\"><span style=\"color: #339966;\">Ver productos&#8230;<\/span><\/a><\/h4>\n<h2>10 PRODUCTOS DESINFECTANTES<\/h2>\n<hr \/>\n<p align=\"justify\">Nuestra gama de desinfectantes se compone de un gran surtido de productos para una desinfecci\u00f3n eficaz y duradera, muy usados en la industria alimenticia, hospitales&#8230; Productos cetificados.<\/p>\n<h4><span style=\"color: #339966;\"><a href=\"http:\/\/dxsa.es\/it\/productos\/disinfettanti\/\">Ver productos.<\/a>..<\/span><\/h4>\n<h2>11 PRODUCTOS BIOL\u00d3GICOS<\/h2>\n<hr \/>\n<p align=\"justify\">Nuestra gama de desinfectantes se compone de un gran surtido de productos para una desinfecci\u00f3n eficaz y duradera, muy usados en la industria alimenticia, hospitales&#8230; Productos cetificados.<\/p>\n<h4><a href=\"http:\/\/dxsa.es\/it\/productos\/biologicos-2\/\"><span style=\"color: #339966;\">Ver productos&#8230;<\/span><\/a><\/h4>\n<h2>12\u00a0AGR\u00cdCOLA Y GANADER\u00cdA<\/h2>\n<hr \/>\n<p align=\"justify\">Nuestra gama de desinfectantes se compone de un gran surtido de productos para una desinfecci\u00f3n eficaz y duradera, muy usados en la industria alimenticia, hospitales&#8230; Productos cetificados.<\/p>\n<h4><a href=\"http:\/\/dxsa.es\/it\/productos\/agricola\/\"><span style=\"color: #339966;\">Ver productos&#8230;<\/span><\/a><\/h4>\n<h2>13\u00a0LIMPIEZA URBANA<\/h2>\n<hr \/>\n<p align=\"justify\">Nuestra gama de desinfectantes se compone de un gran surtido de productos para una desinfecci\u00f3n eficaz y duradera, muy usados en la industria alimenticia, hospitales&#8230; Productos cetificados.<\/p>\n<h4><a href=\"http:\/\/dxsa.es\/it\/productos\/limpieza-urbana-2\/\"><span style=\"color: #339966;\">Ver productos&#8230;<\/span><\/a><\/h4>\n<h2>14\u00a0EQUIPAMIENTOS<\/h2>\n<hr \/>\n<p align=\"justify\">Nuestra gama de desinfectantes se compone de un gran surtido de productos para una desinfecci\u00f3n eficaz y duradera, muy usados en la industria alimenticia, hospitales&#8230; Productos cetificados.<\/p>\n<h4><a href=\"http:\/\/dxsa.es\/it\/productos\/equipamientos-2\/\"><span style=\"color: #339966;\">Ver productos&#8230;<\/span><\/a><\/h4>\n<h2>15\u00a0\u00daTILES<\/h2>\n<hr \/>\n<p align=\"justify\">Nuestra gama de desinfectantes se compone de un gran surtido de productos para una desinfecci\u00f3n eficaz y duradera, muy usados en la industria alimenticia, hospitales&#8230; Productos cetificados.<\/p>\n<h4><span style=\"color: #339966;\">Ver productos&#8230;<\/span><\/h4>\n<h2>16 NANO TECNOLOG\u00cdA<\/h2>\n<hr \/>\n<p align=\"justify\">Nuestra gama de desinfectantes se compone de un gran surtido de productos para una desinfecci\u00f3n eficaz y duradera, muy usados en la industria alimenticia, hospitales&#8230; Productos cetificados.<\/p>\n<h4><span style=\"color: #339966;\">Ver productos&#8230;<\/span><\/h4>","protected":false},"excerpt":{"rendered":"<p>DXSA \/\u00a0Productos Catalogo completo de todos nuestros productos productos 01 L\u00cdNEA DE HOSTELER\u00cdA Catalogo general de hosteler\u00eda, productos desarrollados para hoteles, restaurantes, comedores de empresas y colegios, comedores p\u00fablicos&#8230; Ver productos&#8230; 02\u00a0TRATAMIENTO DE SUELOS Productos para pavimentos en general, en esta gama podr\u00e1 encontrar\u00a0los siguientes productos: decapantes de suelos, cristalizadores y vitrificadores, abrillantadores, recuperaci\u00f3n de [&hellip;]<\/p>\n","protected":false},"author":1,"featured_media":4228,"parent":0,"menu_order":0,"comment_status":"open","ping_status":"open","template":"","meta":{"_acf_changed":false,"_joinchat":[],"footnotes":""},"class_list":["post-17412","page","type-page","status-publish","has-post-thumbnail","hentry"],"acf":[],"_links":{"self":[{"href":"https:\/\/dxsa.es\/it\/wp-json\/wp\/v2\/pages\/17412","targetHints":{"allow":["GET"]}}],"collection":[{"href":"https:\/\/dxsa.es\/it\/wp-json\/wp\/v2\/pages"}],"about":[{"href":"https:\/\/dxsa.es\/it\/wp-json\/wp\/v2\/types\/page"}],"author":[{"embeddable":true,"href":"https:\/\/dxsa.es\/it\/wp-json\/wp\/v2\/users\/1"}],"replies":[{"embeddable":true,"href":"https:\/\/dxsa.es\/it\/wp-json\/wp\/v2\/comments?post=17412"}],"version-history":[{"count":0,"href":"https:\/\/dxsa.es\/it\/wp-json\/wp\/v2\/pages\/17412\/revisions"}],"wp:featuredmedia":[{"embeddable":true,"href":"https:\/\/dxsa.es\/it\/wp-json\/wp\/v2\/media\/4228"}],"wp:attachment":[{"href":"https:\/\/dxsa.es\/it\/wp-json\/wp\/v2\/media?parent=17412"}],"curies":[{"name":"wp","href":"https:\/\/api.w.org\/{rel}","templated":true}]}}