{"id":23579,"date":"2026-04-30T08:21:40","date_gmt":"2026-04-30T06:21:40","guid":{"rendered":"https:\/\/dxsa.es\/?post_type=product&#038;p=23579"},"modified":"2026-04-30T10:55:00","modified_gmt":"2026-04-30T08:55:00","slug":"higicesp-higienizante-aromatizado-para-cesped-artificial","status":"publish","type":"product","link":"https:\/\/dxsa.es\/en\/producto\/higicesp-higienizante-aromatizado-para-cesped-artificial\/","title":{"rendered":"HIGICESP- Higienizante aromatizado para c\u00e9sped artificial"},"content":{"rendered":"<p><strong>HIGICESP- Higienizante aromatizado para c\u00e9sped artificial<\/strong><\/p>\n<p><\/p>\n<p><strong>Descripci\u00f3n del producto<\/strong><\/p>\n<p>Higicesp es un higienizante aromatizado especialmente formulado para mantener limpio y fresco el c\u00e9sped artificial. Este producto elimina eficazmente olores desagradables causados por mascotas, humedad o residuos org\u00e1nicos, dejando un agradable aroma que mejora el entorno. Es ideal para jardines, terrazas, \u00e1reas de juego y espacios deportivos.<\/p>\n<p><strong>Caracter\u00edsticas principales<\/strong><\/p>\n<ul>\n<li>Higieniza y desodoriza el c\u00e9sped artificial.<\/li>\n<li>Fresh and long-lasting aroma.<\/li>\n<li>Elimina malos olores de origen org\u00e1nico.<\/li>\n<li>Seguro para uso en \u00e1reas con mascotas y ni\u00f1os.<\/li>\n<\/ul>\n<p><strong>How to use<\/strong><\/p>\n<p>MANTENIMIENTO:<\/p>\n<ul>\n<li>Cepillar y aspirar el c\u00e9sped en sentido contrario a su inclinaci\u00f3n. Pulverizar uniformemente sobre el c\u00e9sped.<\/li>\n<\/ul>\n<p>LIMPIEZA PROFUNDA:<\/p>\n<ul>\n<li>Cepillar y aspirar el c\u00e9sped en sentido contrario a su inclinaci\u00f3n. Pulverizar uniformemente sobre el c\u00e9sped. Aclarar con abundante agua y volver a pulverizar.<\/li>\n<\/ul>\n<p><strong>Benefits<\/strong><\/p>\n<ul>\n<li>Proporciona limpieza profunda en el c\u00e9sped artificial.<\/li>\n<li>Neutraliza olores desagradables de forma efectiva.<\/li>\n<li>Aporta un ambiente fresco y agradable en tus espacios.<\/li>\n<li>F\u00e1cil de aplicar y seguro para toda la familia.<\/li>\n<\/ul>","protected":false},"excerpt":{"rendered":"<p>Higicesp es un higienizante aromatizado especialmente formulado para mantener limpio y fresco el c\u00e9sped artificial. Este producto elimina eficazmente olores desagradables causados por mascotas, humedad o residuos org\u00e1nicos, dejando un agradable aroma que mejora el entorno. Es ideal para jardines, terrazas, \u00e1reas de juego y espacios deportivos.<\/p>","protected":false},"featured_media":23584,"template":"","meta":{"_acf_changed":false,"_joinchat":[]},"product_brand":[],"product_cat":[37,34,119],"product_tag":[],"class_list":{"0":"post-23579","1":"product","2":"type-product","3":"status-publish","4":"has-post-thumbnail","6":"product_cat-limpiadores-generales","7":"product_cat-limpiadores-y-desengrasantes","8":"product_cat-productos-destacados","9":"pa_formato-10-litros","10":"pa_formato-25-litros","11":"pa_formato-5-litros","12":"pa_formato-6-x-750-ml","13":"pa_formato-750-ml","15":"first","16":"instock","17":"taxable","18":"shipping-taxable","19":"purchasable","20":"product-type-variable","21":"has-default-attributes"},"acf":[],"_links":{"self":[{"href":"https:\/\/dxsa.es\/en\/wp-json\/wp\/v2\/product\/23579","targetHints":{"allow":["GET"]}}],"collection":[{"href":"https:\/\/dxsa.es\/en\/wp-json\/wp\/v2\/product"}],"about":[{"href":"https:\/\/dxsa.es\/en\/wp-json\/wp\/v2\/types\/product"}],"wp:featuredmedia":[{"embeddable":true,"href":"https:\/\/dxsa.es\/en\/wp-json\/wp\/v2\/media\/23584"}],"wp:attachment":[{"href":"https:\/\/dxsa.es\/en\/wp-json\/wp\/v2\/media?parent=23579"}],"wp:term":[{"taxonomy":"product_brand","embeddable":true,"href":"https:\/\/dxsa.es\/en\/wp-json\/wp\/v2\/product_brand?post=23579"},{"taxonomy":"product_cat","embeddable":true,"href":"https:\/\/dxsa.es\/en\/wp-json\/wp\/v2\/product_cat?post=23579"},{"taxonomy":"product_tag","embeddable":true,"href":"https:\/\/dxsa.es\/en\/wp-json\/wp\/v2\/product_tag?post=23579"}],"curies":[{"name":"wp","href":"https:\/\/api.w.org\/{rel}","templated":true}]}}