{"id":12539,"date":"2020-08-26T11:45:34","date_gmt":"2020-08-26T09:45:34","guid":{"rendered":"https:\/\/dxsa.es\/producto\/grip-plus-sistema-antideslizante-facil-limpieza\/"},"modified":"2026-04-28T09:40:03","modified_gmt":"2026-04-28T07:40:03","slug":"grip-plus-sistema-antideslizante-de-facil-limpieza","status":"publish","type":"product","link":"https:\/\/dxsa.es\/en\/producto\/grip-plus-sistema-antideslizante-de-facil-limpieza\/","title":{"rendered":"GRIP PLUS Easy-clean anti-slip system"},"content":{"rendered":"<p><strong>GRIP PLUS Easy-clean anti-slip system<\/strong><\/p>\n<p><strong>Descripci\u00f3n del producto<\/strong><\/p>\n<p>GRIP PLUS es un tratamiento antideslizante dise\u00f1ado para aumentar la seguridad en superficies resbaladizas. Su f\u00f3rmula innovadora crea una capa que mejora la tracci\u00f3n sin comprometer la est\u00e9tica del material. Adem\u00e1s, su sistema de f\u00e1cil limpieza asegura un mantenimiento pr\u00e1ctico, siendo ideal para suelos en cocinas, ba\u00f1os, terrazas, zonas de piscina y otras \u00e1reas de alto tr\u00e1nsito.<\/p>\n<p><strong>Caracter\u00edsticas principales<\/strong><\/p>\n<ul>\n<li>Propiedades antideslizantes para mayor seguridad en zonas h\u00famedas.<\/li>\n<li>F\u00e1cil de limpiar y mantener gracias a su acabado avanzado.<\/li>\n<li>Compatible con cer\u00e1mica, piedra, hormig\u00f3n y otros materiales.<\/li>\n<li>Resistente a rayos UV y al desgaste por tr\u00e1nsito intenso.<\/li>\n<\/ul>\n<p><strong>How to use<\/strong><\/p>\n<ol>\n<li>Limpie la superficie eliminando suciedad, grasa y polvo.<\/li>\n<li>Aplique GRIP PLUS con una brocha, rodillo o pulverizador, asegurando una cobertura uniforme.<\/li>\n<li>Deje actuar seg\u00fan las instrucciones del fabricante para m\u00e1xima efectividad.<\/li>\n<li>Enjuague o limpie seg\u00fan sea necesario y deje secar.<\/li>\n<\/ol>\n<p><strong>Benefits<\/strong><\/p>\n<ul>\n<li>Mejora la seguridad en zonas propensas a deslizamientos.<\/li>\n<li>Reduce el esfuerzo de limpieza, ideal para espacios de uso constante.<\/li>\n<li>Prolonga la durabilidad de las superficies tratadas.<\/li>\n<li>F\u00e1cil aplicaci\u00f3n con resultados visibles de inmediato.<\/li>\n<\/ul>","protected":false},"excerpt":{"rendered":"<p>GRIP PLUS Anti-slip system for easy cleaning. Its design facilitates cleaning and maintenance on all types of surfaces.<\/p>","protected":false},"featured_media":20293,"template":"","meta":{"_acf_changed":false,"_joinchat":[]},"product_brand":[],"product_cat":[162,313,136,84],"product_tag":[],"class_list":{"0":"post-12539","1":"product","2":"type-product","3":"status-publish","4":"has-post-thumbnail","6":"product_cat-antideslizantes","7":"product_cat-antideslizantes-limpieza-urbana","8":"product_cat-construccion","9":"product_cat-limpieza-urbana","10":"pa_formato-10-kg","11":"pa_formato-25-kg","12":"pa_formato-5-kg","14":"first","15":"instock","16":"taxable","17":"shipping-taxable","18":"purchasable","19":"product-type-variable"},"acf":[],"_links":{"self":[{"href":"https:\/\/dxsa.es\/en\/wp-json\/wp\/v2\/product\/12539","targetHints":{"allow":["GET"]}}],"collection":[{"href":"https:\/\/dxsa.es\/en\/wp-json\/wp\/v2\/product"}],"about":[{"href":"https:\/\/dxsa.es\/en\/wp-json\/wp\/v2\/types\/product"}],"wp:featuredmedia":[{"embeddable":true,"href":"https:\/\/dxsa.es\/en\/wp-json\/wp\/v2\/media\/20293"}],"wp:attachment":[{"href":"https:\/\/dxsa.es\/en\/wp-json\/wp\/v2\/media?parent=12539"}],"wp:term":[{"taxonomy":"product_brand","embeddable":true,"href":"https:\/\/dxsa.es\/en\/wp-json\/wp\/v2\/product_brand?post=12539"},{"taxonomy":"product_cat","embeddable":true,"href":"https:\/\/dxsa.es\/en\/wp-json\/wp\/v2\/product_cat?post=12539"},{"taxonomy":"product_tag","embeddable":true,"href":"https:\/\/dxsa.es\/en\/wp-json\/wp\/v2\/product_tag?post=12539"}],"curies":[{"name":"wp","href":"https:\/\/api.w.org\/{rel}","templated":true}]}}