{"id":12530,"date":"2020-08-26T11:28:42","date_gmt":"2020-08-26T09:28:42","guid":{"rendered":"https:\/\/dxsa.es\/producto\/grip-40-tratamiento-antideslizante-antimancha\/"},"modified":"2026-04-28T09:40:36","modified_gmt":"2026-04-28T07:40:36","slug":"grip-40-tratamiento-antideslizante-y-antimancha","status":"publish","type":"product","link":"https:\/\/dxsa.es\/en\/producto\/grip-40-tratamiento-antideslizante-y-antimancha\/","title":{"rendered":"GRIP 40 Anti-slip and stain-resistant treatment"},"content":{"rendered":"<p><strong>GRIP 40 Anti-slip and stain-resistant treatment<\/strong><\/p>\n<p><strong>Descripci\u00f3n del producto<\/strong><\/p>\n<p>GRIP 40 es un tratamiento especializado dise\u00f1ado para superficies que requieren m\u00e1xima seguridad y protecci\u00f3n. Su f\u00f3rmula avanzada mejora la adherencia en suelos, reduciendo el riesgo de deslizamientos, mientras crea una barrera eficaz contra manchas y l\u00edquidos. Ideal para \u00e1reas de alto tr\u00e1nsito, interiores o exteriores, como cocinas, ba\u00f1os, terrazas y entradas.<\/p>\n<p><strong>Caracter\u00edsticas principales<\/strong><\/p>\n<ul>\n<li>Propiedades antideslizantes para mayor seguridad.<\/li>\n<li>Protecci\u00f3n duradera contra manchas y suciedad.<\/li>\n<li>Compatible con materiales como cer\u00e1mica, piedra, hormig\u00f3n y gres.<\/li>\n<li>Resistente al desgaste y f\u00e1cil de mantener.<\/li>\n<\/ul>\n<p><strong>How to use<\/strong><\/p>\n<ol>\n<li>Limpie la superficie asegur\u00e1ndose de que est\u00e9 libre de grasa, polvo y residuos.<\/li>\n<li>Aplique GRIP 40 con una brocha, rodillo o pulverizador, asegurando una cobertura uniforme.<\/li>\n<li>Deje actuar seg\u00fan las instrucciones del producto para m\u00e1xima efectividad.<\/li>\n<li>Enjuague o pula la superficie si es necesario y deje secar.<\/li>\n<\/ol>\n<p><strong>Benefits<\/strong><\/p>\n<ul>\n<li>Mejora la seguridad en zonas h\u00famedas o de alto riesgo de deslizamiento.<\/li>\n<li>Protege las superficies contra manchas, facilitando la limpieza.<\/li>\n<li>Prolonga la vida \u00fatil de los materiales tratados.<\/li>\n<li>F\u00e1cil de aplicar, con resultados duraderos en interiores y exteriores.<\/li>\n<\/ul>","protected":false},"excerpt":{"rendered":"<p>GRIP 40 Anti-slip and anti-stain treatment, ideal to guarantee safety and cleanliness on all types of surfaces.<\/p>","protected":false},"featured_media":20294,"template":"","meta":{"_acf_changed":false,"_joinchat":[]},"product_brand":[],"product_cat":[162,313,136,84],"product_tag":[],"class_list":{"0":"post-12530","1":"product","2":"type-product","3":"status-publish","4":"has-post-thumbnail","6":"product_cat-antideslizantes","7":"product_cat-antideslizantes-limpieza-urbana","8":"product_cat-construccion","9":"product_cat-limpieza-urbana","10":"pa_formato-10-kg","11":"pa_formato-25-kg","12":"pa_formato-5-kg","14":"first","15":"instock","16":"taxable","17":"shipping-taxable","18":"purchasable","19":"product-type-variable"},"acf":[],"_links":{"self":[{"href":"https:\/\/dxsa.es\/en\/wp-json\/wp\/v2\/product\/12530","targetHints":{"allow":["GET"]}}],"collection":[{"href":"https:\/\/dxsa.es\/en\/wp-json\/wp\/v2\/product"}],"about":[{"href":"https:\/\/dxsa.es\/en\/wp-json\/wp\/v2\/types\/product"}],"wp:featuredmedia":[{"embeddable":true,"href":"https:\/\/dxsa.es\/en\/wp-json\/wp\/v2\/media\/20294"}],"wp:attachment":[{"href":"https:\/\/dxsa.es\/en\/wp-json\/wp\/v2\/media?parent=12530"}],"wp:term":[{"taxonomy":"product_brand","embeddable":true,"href":"https:\/\/dxsa.es\/en\/wp-json\/wp\/v2\/product_brand?post=12530"},{"taxonomy":"product_cat","embeddable":true,"href":"https:\/\/dxsa.es\/en\/wp-json\/wp\/v2\/product_cat?post=12530"},{"taxonomy":"product_tag","embeddable":true,"href":"https:\/\/dxsa.es\/en\/wp-json\/wp\/v2\/product_tag?post=12530"}],"curies":[{"name":"wp","href":"https:\/\/api.w.org\/{rel}","templated":true}]}}