{"id":12483,"date":"2020-08-26T08:52:34","date_gmt":"2020-08-26T06:52:34","guid":{"rendered":"https:\/\/dxsa.es\/producto\/tho-p88-protector-tonificante-pizarra\/"},"modified":"2025-02-27T10:33:04","modified_gmt":"2025-02-27T09:33:04","slug":"tho-p88-protector-tonificante-para-pizarra","status":"publish","type":"product","link":"https:\/\/dxsa.es\/en\/producto\/tho-p88-protector-tonificante-para-pizarra\/","title":{"rendered":"THO-P88 Toning protector for blackboard"},"content":{"rendered":"<p><strong>THO-P88 Toning protector for blackboard<\/strong><\/p>\n<p><strong>Descripci\u00f3n del producto<\/strong><\/p>\n<p>THO-P88 es un protector avanzado que combina protecci\u00f3n y est\u00e9tica para superficies de pizarra. Su f\u00f3rmula tonificante intensifica el color natural, mientras crea una barrera repelente al agua y las manchas. Ideal para suelos, paredes y encimeras de pizarra, tanto en interiores como en exteriores, proporcionando un acabado profesional y prolongando la vida \u00fatil del material.<\/p>\n<p><strong>Caracter\u00edsticas principales<\/strong><\/p>\n<ul>\n<li>Realza el color natural de la pizarra con efecto tonificante.<\/li>\n<li>F\u00f3rmula repelente al agua y las manchas.<\/li>\n<li>Apto para interiores y exteriores.<\/li>\n<li>Protege sin alterar la textura natural del material.<\/li>\n<\/ul>\n<p><strong>How to use<\/strong><\/p>\n<ol>\n<li>Aseg\u00farese de que la superficie est\u00e9 limpia y completamente seca.<\/li>\n<li>Aplique THO-P88 con una brocha, rodillo o pa\u00f1o, distribuyendo de manera uniforme.<\/li>\n<li>Deje secar durante 1-2 horas y aplique una segunda capa si es necesario.<\/li>\n<li>Permita un secado completo de 24 horas antes de exponer la superficie a l\u00edquidos.<\/li>\n<\/ol>\n<p><strong>Benefits<\/strong><\/p>\n<ul>\n<li>Intensifica y embellece el aspecto natural de la pizarra.<\/li>\n<li>Proporciona protecci\u00f3n duradera contra humedad y manchas.<\/li>\n<li>Mejora la resistencia de la superficie al desgaste y a las condiciones clim\u00e1ticas.<\/li>\n<li>F\u00e1cil aplicaci\u00f3n con resultados inmediatos y duraderos.<\/li>\n<\/ul>","protected":false},"excerpt":{"rendered":"<p>THO-P88 Toning protector for slate. Enhances the natural colour, protects against stains and moisture and improves the durability of the material.<\/p>","protected":false},"featured_media":20321,"template":"","meta":{"_acf_changed":false,"_joinchat":[]},"product_brand":[],"product_cat":[151,136],"product_tag":[],"class_list":{"0":"post-12483","1":"product","2":"type-product","3":"status-publish","4":"has-post-thumbnail","6":"product_cat-tratamineto-hidro-oleo","7":"product_cat-construccion","8":"pa_formato-10-kg","9":"pa_formato-25-kg","10":"pa_formato-5-kg","12":"first","13":"instock","14":"taxable","15":"shipping-taxable","16":"purchasable","17":"product-type-variable"},"acf":[],"_links":{"self":[{"href":"https:\/\/dxsa.es\/en\/wp-json\/wp\/v2\/product\/12483","targetHints":{"allow":["GET"]}}],"collection":[{"href":"https:\/\/dxsa.es\/en\/wp-json\/wp\/v2\/product"}],"about":[{"href":"https:\/\/dxsa.es\/en\/wp-json\/wp\/v2\/types\/product"}],"wp:featuredmedia":[{"embeddable":true,"href":"https:\/\/dxsa.es\/en\/wp-json\/wp\/v2\/media\/20321"}],"wp:attachment":[{"href":"https:\/\/dxsa.es\/en\/wp-json\/wp\/v2\/media?parent=12483"}],"wp:term":[{"taxonomy":"product_brand","embeddable":true,"href":"https:\/\/dxsa.es\/en\/wp-json\/wp\/v2\/product_brand?post=12483"},{"taxonomy":"product_cat","embeddable":true,"href":"https:\/\/dxsa.es\/en\/wp-json\/wp\/v2\/product_cat?post=12483"},{"taxonomy":"product_tag","embeddable":true,"href":"https:\/\/dxsa.es\/en\/wp-json\/wp\/v2\/product_tag?post=12483"}],"curies":[{"name":"wp","href":"https:\/\/api.w.org\/{rel}","templated":true}]}}