{"id":12480,"date":"2020-08-26T08:47:13","date_gmt":"2020-08-26T06:47:13","guid":{"rendered":"https:\/\/dxsa.es\/producto\/tho-grip-cristalizador-antimancha-antideslizante\/"},"modified":"2026-04-28T09:41:03","modified_gmt":"2026-04-28T07:41:03","slug":"tho-grip-cristalizador-antimancha-antideslizante","status":"publish","type":"product","link":"https:\/\/dxsa.es\/en\/producto\/tho-grip-cristalizador-antimancha-antideslizante\/","title":{"rendered":"THO GRIP Anti-slip anti-stain crystalliser"},"content":{"rendered":"<p><strong>THO GRIP Anti-slip anti-stain crystalliser<\/strong><\/p>\n<p><strong>Descripci\u00f3n del producto<\/strong><\/p>\n<p>THO GRIP es un cristalizador avanzado que proporciona una capa protectora antimancha mientras mejora la seguridad con un acabado antideslizante. Especialmente formulado para superficies como m\u00e1rmol, granito y otros materiales pulidos, realza el brillo natural y prolonga su durabilidad. Perfecto para zonas con alto tr\u00e1nsito o expuestas a l\u00edquidos y manchas.<\/p>\n<p><strong>Caracter\u00edsticas principales<\/strong><\/p>\n<ul>\n<li>F\u00f3rmula cristalizadora con doble acci\u00f3n: antimancha y antideslizante.<\/li>\n<li>Compatible con superficies de m\u00e1rmol, granito y materiales similares.<\/li>\n<li>Realza el brillo natural y la est\u00e9tica de las superficies.<\/li>\n<li>Ideal para \u00e1reas interiores y exteriores de alto tr\u00e1nsito.<\/li>\n<\/ul>\n<p><strong>How to use<\/strong><\/p>\n<ol>\n<li>Limpie y seque la superficie antes de aplicar el producto.<\/li>\n<li>Aplique una peque\u00f1a cantidad de THO GRIP con un aplicador espec\u00edfico o un pa\u00f1o suave.<\/li>\n<li>Extienda uniformemente y deje secar durante unos minutos.<\/li>\n<li>Pule la superficie con una m\u00e1quina abrillantadora o manualmente para obtener el mejor acabado.<\/li>\n<\/ol>\n<p><strong>Benefits<\/strong><\/p>\n<ul>\n<li>Protecci\u00f3n duradera frente a manchas de l\u00edquidos, aceites y suciedad.<\/li>\n<li>Mejora la seguridad en las superficies gracias a su efecto antideslizante.<\/li>\n<li>Prolonga la vida \u00fatil y el buen estado de materiales como m\u00e1rmol y granito.<\/li>\n<li>Acabado profesional con un brillo impecable y aspecto renovado.<\/li>\n<\/ul>","protected":false},"excerpt":{"rendered":"<p>THO GRIP Non-slip anti-stain crystalliser. Designed to improve the safety and appearance of surfaces such as marble and granite.<\/p>","protected":false},"featured_media":20374,"template":"","meta":{"_acf_changed":false,"_joinchat":[]},"product_brand":[],"product_cat":[151,313,136,84],"product_tag":[],"class_list":{"0":"post-12480","1":"product","2":"type-product","3":"status-publish","4":"has-post-thumbnail","6":"product_cat-tratamineto-hidro-oleo","7":"product_cat-antideslizantes-limpieza-urbana","8":"product_cat-construccion","9":"product_cat-limpieza-urbana","10":"pa_formato-10-kg","11":"pa_formato-25-kg","12":"pa_formato-5-kg","14":"first","15":"instock","16":"taxable","17":"shipping-taxable","18":"purchasable","19":"product-type-variable"},"acf":[],"_links":{"self":[{"href":"https:\/\/dxsa.es\/en\/wp-json\/wp\/v2\/product\/12480","targetHints":{"allow":["GET"]}}],"collection":[{"href":"https:\/\/dxsa.es\/en\/wp-json\/wp\/v2\/product"}],"about":[{"href":"https:\/\/dxsa.es\/en\/wp-json\/wp\/v2\/types\/product"}],"wp:featuredmedia":[{"embeddable":true,"href":"https:\/\/dxsa.es\/en\/wp-json\/wp\/v2\/media\/20374"}],"wp:attachment":[{"href":"https:\/\/dxsa.es\/en\/wp-json\/wp\/v2\/media?parent=12480"}],"wp:term":[{"taxonomy":"product_brand","embeddable":true,"href":"https:\/\/dxsa.es\/en\/wp-json\/wp\/v2\/product_brand?post=12480"},{"taxonomy":"product_cat","embeddable":true,"href":"https:\/\/dxsa.es\/en\/wp-json\/wp\/v2\/product_cat?post=12480"},{"taxonomy":"product_tag","embeddable":true,"href":"https:\/\/dxsa.es\/en\/wp-json\/wp\/v2\/product_tag?post=12480"}],"curies":[{"name":"wp","href":"https:\/\/api.w.org\/{rel}","templated":true}]}}