{"id":12477,"date":"2020-08-26T08:36:48","date_gmt":"2020-08-26T06:36:48","guid":{"rendered":"https:\/\/dxsa.es\/producto\/tho-top-hidrofugante-antimancha-base-acuosa-copiar\/"},"modified":"2025-02-27T10:13:54","modified_gmt":"2025-02-27T09:13:54","slug":"tho-p39-protector-oleo-hidro-repelente-para-piedra","status":"publish","type":"product","link":"https:\/\/dxsa.es\/en\/producto\/tho-p39-protector-oleo-hidro-repelente-para-piedra\/","title":{"rendered":"THO P39 Oleo Hydro Repellent Protector for Stone"},"content":{"rendered":"<p><strong>THO P39 Oleo Hydro Repellent Protector for Stone<\/strong><\/p>\n<p><strong>Descripci\u00f3n del producto<\/strong><\/p>\n<p>THO P39 es un protector especializado que crea una barrera oleo e hidro repelente en superficies de piedra. Dise\u00f1ado para prevenir la absorci\u00f3n de agua, aceites y otros l\u00edquidos, este producto ayuda a conservar la apariencia original y prolongar la vida \u00fatil de materiales como granito, m\u00e1rmol, pizarra y piedra natural. Ideal para \u00e1reas interiores y exteriores.<\/p>\n<p><strong>Caracter\u00edsticas principales<\/strong><\/p>\n<ul>\n<li>Efecto oleo e hidro repelente para m\u00e1xima protecci\u00f3n.<\/li>\n<li>Compatible con una amplia gama de piedras naturales y porosas.<\/li>\n<li>Previene manchas y da\u00f1os causados por l\u00edquidos y aceites.<\/li>\n<li>Resistente a condiciones clim\u00e1ticas extremas.<\/li>\n<\/ul>\n<p><strong>How to use<\/strong><\/p>\n<ol>\n<li>Aseg\u00farese de que la superficie est\u00e9 limpia y completamente seca.<\/li>\n<li>Aplique THO P39 con una brocha, rodillo o pulverizador en una capa uniforme.<\/li>\n<li>Deje secar durante 1-2 horas y, si es necesario, aplique una segunda capa.<\/li>\n<li>Espere 24 horas para un secado completo y mejor efecto protector.<\/li>\n<\/ol>\n<p><strong>Benefits<\/strong><\/p>\n<ul>\n<li>Protege eficazmente contra la humedad, aceites y manchas.<\/li>\n<li>Mejora la durabilidad y resistencia de las superficies de piedra.<\/li>\n<li>Mantiene la textura y el color natural del material.<\/li>\n<li>Facilita el mantenimiento al reducir la acumulaci\u00f3n de suciedad.<\/li>\n<\/ul>\n<p>&nbsp;<\/p>","protected":false},"excerpt":{"rendered":"<p>THO P39 Protector Oleo Hydro Repellent for stone. Provides an effective barrier against liquids, oils and stains, maintaining the natural beauty of the material.<\/p>","protected":false},"featured_media":20273,"template":"","meta":{"_acf_changed":false,"_joinchat":[]},"product_brand":[],"product_cat":[151,136],"product_tag":[],"class_list":{"0":"post-12477","1":"product","2":"type-product","3":"status-publish","4":"has-post-thumbnail","6":"product_cat-tratamineto-hidro-oleo","7":"product_cat-construccion","8":"pa_formato-10-kg","9":"pa_formato-25-kg","10":"pa_formato-5-kg","12":"first","13":"instock","14":"taxable","15":"shipping-taxable","16":"purchasable","17":"product-type-variable"},"acf":[],"_links":{"self":[{"href":"https:\/\/dxsa.es\/en\/wp-json\/wp\/v2\/product\/12477","targetHints":{"allow":["GET"]}}],"collection":[{"href":"https:\/\/dxsa.es\/en\/wp-json\/wp\/v2\/product"}],"about":[{"href":"https:\/\/dxsa.es\/en\/wp-json\/wp\/v2\/types\/product"}],"wp:featuredmedia":[{"embeddable":true,"href":"https:\/\/dxsa.es\/en\/wp-json\/wp\/v2\/media\/20273"}],"wp:attachment":[{"href":"https:\/\/dxsa.es\/en\/wp-json\/wp\/v2\/media?parent=12477"}],"wp:term":[{"taxonomy":"product_brand","embeddable":true,"href":"https:\/\/dxsa.es\/en\/wp-json\/wp\/v2\/product_brand?post=12477"},{"taxonomy":"product_cat","embeddable":true,"href":"https:\/\/dxsa.es\/en\/wp-json\/wp\/v2\/product_cat?post=12477"},{"taxonomy":"product_tag","embeddable":true,"href":"https:\/\/dxsa.es\/en\/wp-json\/wp\/v2\/product_tag?post=12477"}],"curies":[{"name":"wp","href":"https:\/\/api.w.org\/{rel}","templated":true}]}}