{"id":11728,"date":"2016-10-19T12:01:30","date_gmt":"2016-10-19T10:01:30","guid":{"rendered":"https:\/\/dxsa.es\/producto\/dee-desengrasante-concentrado-ecologico\/"},"modified":"2026-03-03T10:03:31","modified_gmt":"2026-03-03T09:03:31","slug":"dee-desengrasante-ecologico-concentrado","status":"publish","type":"product","link":"https:\/\/dxsa.es\/en\/producto\/dee-desengrasante-ecologico-concentrado\/","title":{"rendered":"DEE &#8211; Desengrasante ecol\u00f3gico concentrado"},"content":{"rendered":"<p>DEE &#8211; Desengrasante ecol\u00f3gico concentrado C-ECO1002<\/p>\n<p><strong>Descripci\u00f3n del producto<\/strong><\/p>\n<p>DEE es un desengrasante concentrado con f\u00f3rmula ecol\u00f3gica, dise\u00f1ado para ofrecer m\u00e1xima eficacia en la eliminaci\u00f3n de grasa y suciedad dif\u00edcil. Su composici\u00f3n biodegradable lo convierte en una opci\u00f3n segura para el medio ambiente, sin comprometer su potencia limpiadora. Ideal para cocinas, talleres y superficies industriales o dom\u00e9sticas.<\/p>\n<p>Cuenta con el Certificado Ecol\u00f3gico ECOITEL C-ECO 1002, que garantiza el cumplimiento de criterios medioambientales y<br \/>\nde calidad en su formulaci\u00f3n y proceso de fabricaci\u00f3n.<\/p>\n<p><strong>Caracter\u00edsticas principales<\/strong><\/p>\n<ul>\n<li>F\u00f3rmula ecol\u00f3gica y biodegradable.<\/li>\n<li>Alta concentraci\u00f3n para mayor rendimiento.<\/li>\n<li>Eficaz contra grasa, aceite y suciedad incrustada.<\/li>\n<li>Seguro para diferentes superficies como metal, cer\u00e1mica y pl\u00e1stico.<\/li>\n<\/ul>\n<p><strong>How to use<\/strong><\/p>\n<ol>\n<li>Diluir DEE en agua seg\u00fan la intensidad de la suciedad (puede usarse puro para casos extremos).<\/li>\n<li>Aplicar directamente sobre la superficie a limpiar con un pa\u00f1o, esponja o pulverizador.<\/li>\n<li>Dejar actuar unos minutos para descomponer la grasa.<\/li>\n<li>Frotar y enjuagar con agua limpia para un acabado impecable.<\/li>\n<\/ol>\n<p><strong>Benefits<\/strong><\/p>\n<ul>\n<li>Limpieza eficaz y responsable con el medio ambiente.<\/li>\n<li>Reduce el uso de productos qu\u00edmicos agresivos.<\/li>\n<li>Alta concentraci\u00f3n para mayor duraci\u00f3n y menor desperdicio.<\/li>\n<li>Vers\u00e1til, ideal para diferentes aplicaciones industriales y dom\u00e9sticas.<\/li>\n<\/ul>\n<p>&nbsp;<\/p>","protected":false},"excerpt":{"rendered":"<p>DEE Ecological degreaser concentrate that removes grease and stubborn dirt, ideal for professional and domestic use, while respecting the environment.<br \/>\nCuenta con el Certificado Ecol\u00f3gico ECOITEL C-ECO 1002, que garantiza el cumplimiento de criterios medioambientales y de calidad en su formulaci\u00f3n y proceso de fabricaci\u00f3n.<\/p>","protected":false},"featured_media":22095,"template":"","meta":{"_acf_changed":false,"_joinchat":[]},"product_brand":[],"product_cat":[241,305,68,22],"product_tag":[],"class_list":{"0":"post-11728","1":"product","2":"type-product","3":"status-publish","4":"has-post-thumbnail","6":"product_cat-concentrados-ecologicos-hosteleria","7":"product_cat-concentrados-ecologicos-ecologicos","8":"product_cat-ecologicos","9":"product_cat-hosteleria","10":"pa_formato-10-kg","11":"pa_formato-12-x-1-litro","12":"pa_formato-25-kg","13":"pa_formato-5-kg","15":"first","16":"instock","17":"taxable","18":"shipping-taxable","19":"purchasable","20":"product-type-variable","21":"has-default-attributes"},"acf":[],"_links":{"self":[{"href":"https:\/\/dxsa.es\/en\/wp-json\/wp\/v2\/product\/11728","targetHints":{"allow":["GET"]}}],"collection":[{"href":"https:\/\/dxsa.es\/en\/wp-json\/wp\/v2\/product"}],"about":[{"href":"https:\/\/dxsa.es\/en\/wp-json\/wp\/v2\/types\/product"}],"wp:featuredmedia":[{"embeddable":true,"href":"https:\/\/dxsa.es\/en\/wp-json\/wp\/v2\/media\/22095"}],"wp:attachment":[{"href":"https:\/\/dxsa.es\/en\/wp-json\/wp\/v2\/media?parent=11728"}],"wp:term":[{"taxonomy":"product_brand","embeddable":true,"href":"https:\/\/dxsa.es\/en\/wp-json\/wp\/v2\/product_brand?post=11728"},{"taxonomy":"product_cat","embeddable":true,"href":"https:\/\/dxsa.es\/en\/wp-json\/wp\/v2\/product_cat?post=11728"},{"taxonomy":"product_tag","embeddable":true,"href":"https:\/\/dxsa.es\/en\/wp-json\/wp\/v2\/product_tag?post=11728"}],"curies":[{"name":"wp","href":"https:\/\/api.w.org\/{rel}","templated":true}]}}