{"id":17412,"date":"2017-02-01T08:59:08","date_gmt":"2017-02-01T07:59:08","guid":{"rendered":"https:\/\/dxsa.es\/productos\/"},"modified":"2025-01-29T10:26:20","modified_gmt":"2025-01-29T09:26:20","slug":"products","status":"publish","type":"page","link":"https:\/\/dxsa.es\/en\/productos\/","title":{"rendered":"PRODUCTS"},"content":{"rendered":"<h3 style=\"text-align: center;\">DXSA \/ Products<\/h3>\n<p style=\"text-align: center;\">Complete catalogue of all our products products<\/p>\n<h2>01 HOTEL AND CATERING LINE<\/h2>\n<hr \/>\n<p align=\"justify\">General catering catalogue, products developed for hotels, restaurants, company and school canteens, public canteens...<\/p>\n<h4><span style=\"color: #339966;\"><a style=\"color: #339966;\" href=\"http:\/\/dxsa.es\/en\/products\/hostelry\/\">See products...<\/a><\/span><\/h4>\n<h2>02 SOIL TREATMENT<\/h2>\n<hr \/>\n<p align=\"justify\">Products for floors in general, in this range you will find the following products: floor strippers, crystallisers and vitrifiers, polishers, floor recovery, anti-slip, detergents for machines...<\/p>\n<h4><a href=\"http:\/\/dxsa.es\/en\/products\/pavimentos\/\"><span style=\"color: #339966;\">See products...<\/span><\/a><\/h4>\n<h2>03 AROMATISATION SYSTEMS<\/h2>\n<hr \/>\n<p align=\"justify\">Wide range of air fresheners developed for: companies, public spaces, shops, large surfaces, automotive, residences...<\/p>\n<h4><a href=\"http:\/\/dxsa.es\/en\/products\/ambientadores-2\/\"><span style=\"color: #339966;\">See products...<\/span><\/a><\/h4>\n<h2>04 CLEANERS AND DEGREASERS<\/h2>\n<hr \/>\n<p align=\"justify\">Range of high efficiency degreasing products. Solutions for all types of grease and oil, we have specific products for every need.<\/p>\n<h4><a href=\"http:\/\/dxsa.es\/en\/products\/desengrasantes\/\"><span style=\"color: #339966;\">See products...<\/span><\/a><\/h4>\n<h2>05 PERSONAL HYGIENE PRODUCTS<\/h2>\n<hr \/>\n<p align=\"justify\">Line of products for personal hygiene, oriented for industrial use: special soaps for mechanical workshops, paint cleaners...<\/p>\n<h4><a href=\"http:\/\/dxsa.es\/en\/products\/higiene-personal-2\/\"><span style=\"color: #339966;\">See products...<\/span><\/a><\/h4>\n<h2>06 LAUNDRY DETERGENTS<\/h2>\n<hr \/>\n<p align=\"justify\">Detergents and products for industrial laundries which offer services to: hotels, restaurants, hospitals, residences, schools, laundries centres...<\/p>\n<h4><a href=\"http:\/\/dxsa.es\/en\/laundry\/\"><span style=\"color: #339966;\">See products...<\/span><\/a><\/h4>\n<h2>07 ORGANIC CONCENTRATES<\/h2>\n<hr \/>\n<p align=\"justify\">We manufacture ecological concentrates for the industry, reducing the volume of product in order to dose it in smaller quantities with optimum results.<\/p>\n<h4><a href=\"http:\/\/dxsa.es\/en\/products\/concentrados\/\"><span style=\"color: #339966;\">See products...<\/span><\/a><\/h4>\n<h2>08 INDUSTRIAL MAINTENANCE<\/h2>\n<hr \/>\n<p align=\"justify\">Specific products for the industry in general, including: absorbents, lubricants, release agents, floor treatments, dielectric cleaners ...<\/p>\n<h4><a href=\"http:\/\/dxsa.es\/en\/mantenimiento\/\"><span style=\"color: #339966;\">See products...<\/span><\/a><\/h4>\n<h2>09 INSECTICIDES AND REPELLENTS<\/h2>\n<hr \/>\n<p align=\"justify\">We manufacture all kinds of insecticides, as well as repellent products for animals without occasional internal damage: birds, dogs, cats ...<\/p>\n<h4><a href=\"http:\/\/dxsa.es\/en\/products\/insecticidas-2\/\"><span style=\"color: #339966;\">See products...<\/span><\/a><\/h4>\n<h2>10 DISINFECTANT PRODUCTS<\/h2>\n<hr \/>\n<p align=\"justify\">Our range of disinfectants consists of a wide range of products for effective and long-lasting disinfection, widely used in the food industry, hospitals... Certified products.<\/p>\n<h4><span style=\"color: #339966;\"><a href=\"http:\/\/dxsa.es\/en\/products\/disinfectants\/\">See products.<\/a>..<\/span><\/h4>\n<h2>11 BIOLOGICAL PRODUCTS<\/h2>\n<hr \/>\n<p align=\"justify\">Our range of disinfectants consists of a wide range of products for effective and long-lasting disinfection, widely used in the food industry, hospitals... Certified products.<\/p>\n<h4><a href=\"http:\/\/dxsa.es\/en\/products\/biologicos-2\/\"><span style=\"color: #339966;\">See products...<\/span><\/a><\/h4>\n<h2>12 AGRICULTURE AND LIVESTOCK<\/h2>\n<hr \/>\n<p align=\"justify\">Our range of disinfectants consists of a wide range of products for effective and long-lasting disinfection, widely used in the food industry, hospitals... Certified products.<\/p>\n<h4><a href=\"http:\/\/dxsa.es\/en\/products\/agricola\/\"><span style=\"color: #339966;\">See products...<\/span><\/a><\/h4>\n<h2>13 URBAN CLEAN-UP<\/h2>\n<hr \/>\n<p align=\"justify\">Our range of disinfectants consists of a wide range of products for effective and long-lasting disinfection, widely used in the food industry, hospitals... Certified products.<\/p>\n<h4><a href=\"http:\/\/dxsa.es\/en\/products\/limpieza-urbana-2\/\"><span style=\"color: #339966;\">See products...<\/span><\/a><\/h4>\n<h2>14 FACILITIES<\/h2>\n<hr \/>\n<p align=\"justify\">Our range of disinfectants consists of a wide range of products for effective and long-lasting disinfection, widely used in the food industry, hospitals... Certified products.<\/p>\n<h4><a href=\"http:\/\/dxsa.es\/en\/products\/equipamientos-2\/\"><span style=\"color: #339966;\">See products...<\/span><\/a><\/h4>\n<h2>15 USEFUL<\/h2>\n<hr \/>\n<p align=\"justify\">Our range of disinfectants consists of a wide range of products for effective and long-lasting disinfection, widely used in the food industry, hospitals... Certified products.<\/p>\n<h4><span style=\"color: #339966;\">See products...<\/span><\/h4>\n<h2>16 NANO TECHNOLOGY<\/h2>\n<hr \/>\n<p align=\"justify\">Our range of disinfectants consists of a wide range of products for effective and long-lasting disinfection, widely used in the food industry, hospitals... Certified products.<\/p>\n<h4><span style=\"color: #339966;\">See products...<\/span><\/h4>","protected":false},"excerpt":{"rendered":"<p>DXSA \/\u00a0Productos Catalogo completo de todos nuestros productos productos 01 L\u00cdNEA DE HOSTELER\u00cdA Catalogo general de hosteler\u00eda, productos desarrollados para hoteles, restaurantes, comedores de empresas y colegios, comedores p\u00fablicos&#8230; Ver productos&#8230; 02\u00a0TRATAMIENTO DE SUELOS Productos para pavimentos en general, en esta gama podr\u00e1 encontrar\u00a0los siguientes productos: decapantes de suelos, cristalizadores y vitrificadores, abrillantadores, recuperaci\u00f3n de [&hellip;]<\/p>\n","protected":false},"author":1,"featured_media":4228,"parent":0,"menu_order":0,"comment_status":"open","ping_status":"open","template":"","meta":{"_acf_changed":false,"_joinchat":[],"footnotes":""},"class_list":["post-17412","page","type-page","status-publish","has-post-thumbnail","hentry"],"acf":[],"_links":{"self":[{"href":"https:\/\/dxsa.es\/en\/wp-json\/wp\/v2\/pages\/17412","targetHints":{"allow":["GET"]}}],"collection":[{"href":"https:\/\/dxsa.es\/en\/wp-json\/wp\/v2\/pages"}],"about":[{"href":"https:\/\/dxsa.es\/en\/wp-json\/wp\/v2\/types\/page"}],"author":[{"embeddable":true,"href":"https:\/\/dxsa.es\/en\/wp-json\/wp\/v2\/users\/1"}],"replies":[{"embeddable":true,"href":"https:\/\/dxsa.es\/en\/wp-json\/wp\/v2\/comments?post=17412"}],"version-history":[{"count":0,"href":"https:\/\/dxsa.es\/en\/wp-json\/wp\/v2\/pages\/17412\/revisions"}],"wp:featuredmedia":[{"embeddable":true,"href":"https:\/\/dxsa.es\/en\/wp-json\/wp\/v2\/media\/4228"}],"wp:attachment":[{"href":"https:\/\/dxsa.es\/en\/wp-json\/wp\/v2\/media?parent=17412"}],"curies":[{"name":"wp","href":"https:\/\/api.w.org\/{rel}","templated":true}]}}