{"id":17412,"date":"2017-02-01T08:59:08","date_gmt":"2017-02-01T07:59:08","guid":{"rendered":"https:\/\/dxsa.es\/productos\/"},"modified":"2025-01-29T10:26:20","modified_gmt":"2025-01-29T09:26:20","slug":"produkte","status":"publish","type":"page","link":"https:\/\/dxsa.es\/de\/productos\/","title":{"rendered":"PRODUKTE"},"content":{"rendered":"<h3 style=\"text-align: center;\">DXSA \/ Produkte<\/h3>\n<p style=\"text-align: center;\">Vollst\u00e4ndiger Katalog aller unserer Produkte Produkte<\/p>\n<h2>01 HOTEL- UND GASTST\u00c4TTENGEWERBE<\/h2>\n<hr \/>\n<p align=\"justify\">Allgemeiner Gastronomiekatalog, Produkte f\u00fcr Hotels, Restaurants, Betriebs- und Schulkantinen, \u00f6ffentliche Kantinen...<\/p>\n<h4><span style=\"color: #339966;\"><a style=\"color: #339966;\" href=\"http:\/\/dxsa.es\/de\/produkte\/wirtshaus\/\">Siehe Produkte...<\/a><\/span><\/h4>\n<h2>02 BODENBEHANDLUNG<\/h2>\n<hr \/>\n<p align=\"justify\">Produkte f\u00fcr Fu\u00dfb\u00f6den im Allgemeinen, in diesem Bereich finden Sie die folgenden Produkte: Abbeizmittel, Kristallisatoren und Verglasungen, Poliermittel, Bodenr\u00fcckgewinnung, Anti-Rutsch, Reinigungsmittel f\u00fcr Maschinen...<\/p>\n<h4><a href=\"http:\/\/dxsa.es\/de\/produkte\/burgersteige\/\"><span style=\"color: #339966;\">Siehe Produkte...<\/span><\/a><\/h4>\n<h2>03 AROMATISIERUNGSSYSTEME<\/h2>\n<hr \/>\n<p align=\"justify\">Eine breite Palette von Lufterfrischern, entwickelt f\u00fcr: Unternehmen, \u00f6ffentliche R\u00e4ume, Gesch\u00e4fte, gro\u00dfe Fl\u00e4chen, Automobile, Wohnh\u00e4user...<\/p>\n<h4><a href=\"http:\/\/dxsa.es\/de\/produkte\/ambientadores-2\/\"><span style=\"color: #339966;\">Siehe Produkte...<\/span><\/a><\/h4>\n<h2>04 REINIGER UND ENTFETTER<\/h2>\n<hr \/>\n<p align=\"justify\">Angebot an hochwirksamen Entfettungsprodukten. L\u00f6sungen f\u00fcr alle Arten von Fetten und \u00d6len, wir haben spezifische Produkte f\u00fcr jeden Bedarf.<\/p>\n<h4><a href=\"http:\/\/dxsa.es\/de\/produkte\/desengrasantes\/\"><span style=\"color: #339966;\">Siehe Produkte...<\/span><\/a><\/h4>\n<h2>05 K\u00d6RPERPFLEGEPRODUKTE<\/h2>\n<hr \/>\n<p align=\"justify\">Linie von Produkten f\u00fcr die pers\u00f6nliche Hygiene, die f\u00fcr den industriellen Gebrauch bestimmt sind: Spezialseifen f\u00fcr mechanische Werkst\u00e4tten, Lackreiniger...<\/p>\n<h4><a href=\"http:\/\/dxsa.es\/de\/produkte\/higiene-personal-2\/\"><span style=\"color: #339966;\">Siehe Produkte...<\/span><\/a><\/h4>\n<h2>06 WASCHMITTEL<\/h2>\n<hr \/>\n<p align=\"justify\">Reinigungsmittel und Produkte f\u00fcr gewerbliche W\u00e4schereien, die Dienstleistungen f\u00fcr Hotels, Restaurants, Krankenh\u00e4user, Wohnheime, Schulen, W\u00e4schereizentren anbieten...<\/p>\n<h4><a href=\"http:\/\/dxsa.es\/de\/lavanderia\/\"><span style=\"color: #339966;\">Siehe Produkte...<\/span><\/a><\/h4>\n<h2>07 ORGANISCHE KONZENTRATE<\/h2>\n<hr \/>\n<p align=\"justify\">Wir stellen \u00f6kologische Konzentrate f\u00fcr die Industrie her, indem wir das Volumen des Produkts reduzieren, um es in kleineren Mengen mit optimalen Ergebnissen zu dosieren.<\/p>\n<h4><a href=\"http:\/\/dxsa.es\/de\/produkte\/concentrados\/\"><span style=\"color: #339966;\">Siehe Produkte...<\/span><\/a><\/h4>\n<h2>08 INDUSTRIELLE INSTANDHALTUNG<\/h2>\n<hr \/>\n<p align=\"justify\">Spezifische Produkte f\u00fcr die Industrie im Allgemeinen, einschlie\u00dflich: Absorptionsmittel, Schmiermittel, Trennmittel, Bodenbehandlungen, dielektrische Reiniger ...<\/p>\n<h4><a href=\"http:\/\/dxsa.es\/de\/wartung\/\"><span style=\"color: #339966;\">Siehe Produkte...<\/span><\/a><\/h4>\n<h2>09 INSEKTIZIDE UND REPELLENTIEN<\/h2>\n<hr \/>\n<p align=\"justify\">Wir stellen alle Arten von Insektiziden sowie Repellentien f\u00fcr Tiere her, ohne dass es zu inneren Sch\u00e4den kommt: V\u00f6gel, Hunde, Katzen ...<\/p>\n<h4><a href=\"http:\/\/dxsa.es\/de\/produkte\/insecticidas-2\/\"><span style=\"color: #339966;\">Siehe Produkte...<\/span><\/a><\/h4>\n<h2>10 DESINFEKTIONSMITTEL<\/h2>\n<hr \/>\n<p align=\"justify\">Unser Sortiment an Desinfektionsmitteln besteht aus einer breiten Palette von Produkten f\u00fcr eine wirksame und lang anhaltende Desinfektion, die in der Lebensmittelindustrie, in Krankenh\u00e4usern... Zertifizierte Produkte.<\/p>\n<h4><span style=\"color: #339966;\"><a href=\"http:\/\/dxsa.es\/de\/produkte\/desinfektionsmittel\/\">Siehe Produkte.<\/a>..<\/span><\/h4>\n<h2>11 BIOLOGISCHE PRODUKTE<\/h2>\n<hr \/>\n<p align=\"justify\">Unser Sortiment an Desinfektionsmitteln besteht aus einer breiten Palette von Produkten f\u00fcr eine wirksame und lang anhaltende Desinfektion, die in der Lebensmittelindustrie, in Krankenh\u00e4usern... Zertifizierte Produkte.<\/p>\n<h4><a href=\"http:\/\/dxsa.es\/de\/produkte\/biologicos-2\/\"><span style=\"color: #339966;\">Siehe Produkte...<\/span><\/a><\/h4>\n<h2>12 LANDWIRTSCHAFT UND VIEHZUCHT<\/h2>\n<hr \/>\n<p align=\"justify\">Unser Sortiment an Desinfektionsmitteln besteht aus einer breiten Palette von Produkten f\u00fcr eine wirksame und lang anhaltende Desinfektion, die in der Lebensmittelindustrie, in Krankenh\u00e4usern... Zertifizierte Produkte.<\/p>\n<h4><a href=\"http:\/\/dxsa.es\/de\/produkte\/agricola\/\"><span style=\"color: #339966;\">Siehe Produkte...<\/span><\/a><\/h4>\n<h2>13 STADTSANIERUNG<\/h2>\n<hr \/>\n<p align=\"justify\">Unser Sortiment an Desinfektionsmitteln besteht aus einer breiten Palette von Produkten f\u00fcr eine wirksame und lang anhaltende Desinfektion, die in der Lebensmittelindustrie, in Krankenh\u00e4usern... Zertifizierte Produkte.<\/p>\n<h4><a href=\"http:\/\/dxsa.es\/de\/produkte\/limpieza-urbana-2\/\"><span style=\"color: #339966;\">Siehe Produkte...<\/span><\/a><\/h4>\n<h2>14 AUSSTATTUNG<\/h2>\n<hr \/>\n<p align=\"justify\">Unser Sortiment an Desinfektionsmitteln besteht aus einer breiten Palette von Produkten f\u00fcr eine wirksame und lang anhaltende Desinfektion, die in der Lebensmittelindustrie, in Krankenh\u00e4usern... Zertifizierte Produkte.<\/p>\n<h4><a href=\"http:\/\/dxsa.es\/de\/produkte\/equipamientos-2\/\"><span style=\"color: #339966;\">Siehe Produkte...<\/span><\/a><\/h4>\n<h2>15 N\u00dcTZLICH<\/h2>\n<hr \/>\n<p align=\"justify\">Unser Sortiment an Desinfektionsmitteln besteht aus einer breiten Palette von Produkten f\u00fcr eine wirksame und lang anhaltende Desinfektion, die in der Lebensmittelindustrie, in Krankenh\u00e4usern... Zertifizierte Produkte.<\/p>\n<h4><span style=\"color: #339966;\">Siehe Produkte...<\/span><\/h4>\n<h2>16 NANOTECHNOLOGIE<\/h2>\n<hr \/>\n<p align=\"justify\">Unser Sortiment an Desinfektionsmitteln besteht aus einer breiten Palette von Produkten f\u00fcr eine wirksame und lang anhaltende Desinfektion, die in der Lebensmittelindustrie, in Krankenh\u00e4usern... Zertifizierte Produkte.<\/p>\n<h4><span style=\"color: #339966;\">Siehe Produkte...<\/span><\/h4>","protected":false},"excerpt":{"rendered":"<p>DXSA \/\u00a0Productos Catalogo completo de todos nuestros productos productos 01 L\u00cdNEA DE HOSTELER\u00cdA Catalogo general de hosteler\u00eda, productos desarrollados para hoteles, restaurantes, comedores de empresas y colegios, comedores p\u00fablicos&#8230; Ver productos&#8230; 02\u00a0TRATAMIENTO DE SUELOS Productos para pavimentos en general, en esta gama podr\u00e1 encontrar\u00a0los siguientes productos: decapantes de suelos, cristalizadores y vitrificadores, abrillantadores, recuperaci\u00f3n de [&hellip;]<\/p>\n","protected":false},"author":1,"featured_media":4228,"parent":0,"menu_order":0,"comment_status":"open","ping_status":"open","template":"","meta":{"_acf_changed":false,"_joinchat":[],"footnotes":""},"class_list":["post-17412","page","type-page","status-publish","has-post-thumbnail","hentry"],"acf":[],"_links":{"self":[{"href":"https:\/\/dxsa.es\/de\/wp-json\/wp\/v2\/pages\/17412","targetHints":{"allow":["GET"]}}],"collection":[{"href":"https:\/\/dxsa.es\/de\/wp-json\/wp\/v2\/pages"}],"about":[{"href":"https:\/\/dxsa.es\/de\/wp-json\/wp\/v2\/types\/page"}],"author":[{"embeddable":true,"href":"https:\/\/dxsa.es\/de\/wp-json\/wp\/v2\/users\/1"}],"replies":[{"embeddable":true,"href":"https:\/\/dxsa.es\/de\/wp-json\/wp\/v2\/comments?post=17412"}],"version-history":[{"count":0,"href":"https:\/\/dxsa.es\/de\/wp-json\/wp\/v2\/pages\/17412\/revisions"}],"wp:featuredmedia":[{"embeddable":true,"href":"https:\/\/dxsa.es\/de\/wp-json\/wp\/v2\/media\/4228"}],"wp:attachment":[{"href":"https:\/\/dxsa.es\/de\/wp-json\/wp\/v2\/media?parent=17412"}],"curies":[{"name":"wp","href":"https:\/\/api.w.org\/{rel}","templated":true}]}}